{"id":36,"date":"2025-02-04T13:46:48","date_gmt":"2025-02-04T13:46:48","guid":{"rendered":"https:\/\/sarelaxe.be\/?page_id=36"},"modified":"2025-10-23T16:55:33","modified_gmt":"2025-10-23T16:55:33","slug":"les-soins","status":"publish","type":"page","link":"https:\/\/sarelaxe.be\/?page_id=36","title":{"rendered":"Les Soins"},"content":{"rendered":"\t\t<div data-elementor-type=\"wp-page\" data-elementor-id=\"36\" class=\"elementor elementor-36\">\n\t\t\t\t<div class=\"elementor-element elementor-element-6ef6ed5 e-flex e-con-boxed e-con e-parent\" data-id=\"6ef6ed5\" data-element_type=\"container\" data-e-type=\"container\">\n\t\t\t\t\t<div class=\"e-con-inner\">\n\t\t\t\t<div class=\"elementor-element elementor-element-4dffdb2 elementor-widget elementor-widget-spacer\" data-id=\"4dffdb2\" data-element_type=\"widget\" data-e-type=\"widget\" data-widget_type=\"spacer.default\">\n\t\t\t\t<div class=\"elementor-widget-container\">\n\t\t\t\t\t\t\t<div class=\"elementor-spacer\">\n\t\t\t<div class=\"elementor-spacer-inner\"><\/div>\n\t\t<\/div>\n\t\t\t\t\t\t<\/div>\n\t\t\t\t<\/div>\n\t\t\t\t<div class=\"elementor-element elementor-element-1c95847 elementor-widget elementor-widget-heading\" data-id=\"1c95847\" data-element_type=\"widget\" data-e-type=\"widget\" data-widget_type=\"heading.default\">\n\t\t\t\t<div class=\"elementor-widget-container\">\n\t\t\t\t\t<h2 class=\"elementor-heading-title elementor-size-default\">Mes services<\/h2>\t\t\t\t<\/div>\n\t\t\t\t<\/div>\n\t\t\t\t\t<\/div>\n\t\t\t\t<\/div>\n\t\t<div class=\"elementor-element elementor-element-7d281c8 e-flex e-con-boxed e-con e-parent\" data-id=\"7d281c8\" data-element_type=\"container\" data-e-type=\"container\">\n\t\t\t\t\t<div class=\"e-con-inner\">\n\t\t\t\t<div class=\"elementor-element elementor-element-c2ec7f3 elementor-widget elementor-widget-spacer\" data-id=\"c2ec7f3\" data-element_type=\"widget\" data-e-type=\"widget\" data-widget_type=\"spacer.default\">\n\t\t\t\t<div class=\"elementor-widget-container\">\n\t\t\t\t\t\t\t<div class=\"elementor-spacer\">\n\t\t\t<div class=\"elementor-spacer-inner\"><\/div>\n\t\t<\/div>\n\t\t\t\t\t\t<\/div>\n\t\t\t\t<\/div>\n\t\t\t\t\t<\/div>\n\t\t\t\t<\/div>\n\t\t<div class=\"elementor-element elementor-element-f58e0ec e-con-full e-grid e-con e-child\" data-id=\"f58e0ec\" data-element_type=\"container\" data-e-type=\"container\">\n\t\t<div class=\"elementor-element elementor-element-4d7ac38 e-con-full e-flex e-con e-child\" data-id=\"4d7ac38\" data-element_type=\"container\" data-e-type=\"container\">\n\t\t<div class=\"elementor-element elementor-element-b7516c1 e-con-full e-flex e-con e-child\" data-id=\"b7516c1\" data-element_type=\"container\" data-e-type=\"container\" data-settings=\"{&quot;background_background&quot;:&quot;classic&quot;,&quot;shape_divider_bottom&quot;:&quot;triangle&quot;}\">\n\t\t\t\t<div class=\"elementor-shape elementor-shape-bottom\" aria-hidden=\"true\" data-negative=\"false\">\n\t\t\t<svg xmlns=\"http:\/\/www.w3.org\/2000\/svg\" viewBox=\"0 0 1000 100\" preserveAspectRatio=\"none\">\n\t<path class=\"elementor-shape-fill\" d=\"M500,98.9L0,6.1V0h1000v6.1L500,98.9z\"\/>\n<\/svg>\t\t<\/div>\n\t\t\t\t<div class=\"elementor-element elementor-element-1883c9c elementor-widget elementor-widget-image\" data-id=\"1883c9c\" data-element_type=\"widget\" data-e-type=\"widget\" data-widget_type=\"image.default\">\n\t\t\t\t<div class=\"elementor-widget-container\">\n\t\t\t\t\t\t\t\t\t\t\t\t\t\t\t\t<a href=\"https:\/\/sarelaxe.be\/?page_id=129\">\n\t\t\t\t\t\t\t<img fetchpriority=\"high\" decoding=\"async\" width=\"1024\" height=\"683\" src=\"https:\/\/sarelaxe.be\/wp-content\/uploads\/2025\/10\/SaRelaxe_HR-35-1024x683.jpg\" class=\"attachment-large size-large wp-image-276\" alt=\"\" srcset=\"https:\/\/sarelaxe.be\/wp-content\/uploads\/2025\/10\/SaRelaxe_HR-35-1024x683.jpg 1024w, https:\/\/sarelaxe.be\/wp-content\/uploads\/2025\/10\/SaRelaxe_HR-35-300x200.jpg 300w, https:\/\/sarelaxe.be\/wp-content\/uploads\/2025\/10\/SaRelaxe_HR-35-768x512.jpg 768w, https:\/\/sarelaxe.be\/wp-content\/uploads\/2025\/10\/SaRelaxe_HR-35-1536x1024.jpg 1536w, https:\/\/sarelaxe.be\/wp-content\/uploads\/2025\/10\/SaRelaxe_HR-35-2048x1365.jpg 2048w\" sizes=\"(max-width: 1024px) 100vw, 1024px\" \/>\t\t\t\t\t\t\t\t<\/a>\n\t\t\t\t\t\t\t\t\t\t\t\t\t\t\t<\/div>\n\t\t\t\t<\/div>\n\t\t\t\t<\/div>\n\t\t<div class=\"elementor-element elementor-element-add3200 e-con-full e-flex e-con e-child\" data-id=\"add3200\" data-element_type=\"container\" data-e-type=\"container\">\n\t\t\t\t<div class=\"elementor-element elementor-element-f52c4e8 elementor-widget elementor-widget-heading\" data-id=\"f52c4e8\" data-element_type=\"widget\" data-e-type=\"widget\" data-widget_type=\"heading.default\">\n\t\t\t\t<div class=\"elementor-widget-container\">\n\t\t\t\t\t<h2 class=\"elementor-heading-title elementor-size-default\">R\u00e9flexologie Plantaire<\/h2>\t\t\t\t<\/div>\n\t\t\t\t<\/div>\n\t\t\t\t<\/div>\n\t\t\t\t<\/div>\n\t\t<div class=\"elementor-element elementor-element-e81e556 e-con-full e-flex e-con e-child\" data-id=\"e81e556\" data-element_type=\"container\" data-e-type=\"container\">\n\t\t<div class=\"elementor-element elementor-element-9e43e50 e-con-full e-flex e-con e-child\" data-id=\"9e43e50\" data-element_type=\"container\" data-e-type=\"container\">\n\t\t<div class=\"elementor-element elementor-element-ae1a4bb e-con-full e-flex e-con e-child\" data-id=\"ae1a4bb\" data-element_type=\"container\" data-e-type=\"container\">\n\t\t\t\t<div class=\"elementor-element elementor-element-b8ebe31 elementor-widget elementor-widget-image\" data-id=\"b8ebe31\" data-element_type=\"widget\" data-e-type=\"widget\" data-widget_type=\"image.default\">\n\t\t\t\t<div class=\"elementor-widget-container\">\n\t\t\t\t\t\t\t\t\t\t\t\t\t\t\t\t<a href=\"https:\/\/sarelaxe.be\/?page_id=131\">\n\t\t\t\t\t\t\t<img decoding=\"async\" src=\"https:\/\/sarelaxe.be\/wp-content\/uploads\/elementor\/thumbs\/MOI-profil-rdmq10kbd7t89gf4lqnc8pvi0z7hj13jzcg1ulxzmo.jpg\" title=\"MOI profil\" alt=\"MOI profil\" loading=\"lazy\" \/>\t\t\t\t\t\t\t\t<\/a>\n\t\t\t\t\t\t\t\t\t\t\t\t\t\t\t<\/div>\n\t\t\t\t<\/div>\n\t\t\t\t<\/div>\n\t\t<div class=\"elementor-element elementor-element-8335f72 e-con-full e-flex e-con e-child\" data-id=\"8335f72\" data-element_type=\"container\" data-e-type=\"container\">\n\t\t\t\t<div class=\"elementor-element elementor-element-a92a0b2 elementor-widget elementor-widget-heading\" data-id=\"a92a0b2\" data-element_type=\"widget\" data-e-type=\"widget\" data-widget_type=\"heading.default\">\n\t\t\t\t<div class=\"elementor-widget-container\">\n\t\t\t\t\t<h2 class=\"elementor-heading-title elementor-size-default\">Massages<\/h2>\t\t\t\t<\/div>\n\t\t\t\t<\/div>\n\t\t\t\t<\/div>\n\t\t\t\t<\/div>\n\t\t\t\t<\/div>\n\t\t<div class=\"elementor-element elementor-element-705bf4b e-con-full e-flex e-con e-child\" data-id=\"705bf4b\" data-element_type=\"container\" data-e-type=\"container\">\n\t\t<div class=\"elementor-element elementor-element-18c03f8 e-con-full e-flex e-con e-child\" data-id=\"18c03f8\" data-element_type=\"container\" data-e-type=\"container\" data-settings=\"{&quot;background_background&quot;:&quot;classic&quot;,&quot;shape_divider_bottom&quot;:&quot;triangle&quot;}\">\n\t\t\t\t<div class=\"elementor-shape elementor-shape-bottom\" aria-hidden=\"true\" data-negative=\"false\">\n\t\t\t<svg xmlns=\"http:\/\/www.w3.org\/2000\/svg\" viewBox=\"0 0 1000 100\" preserveAspectRatio=\"none\">\n\t<path class=\"elementor-shape-fill\" d=\"M500,98.9L0,6.1V0h1000v6.1L500,98.9z\"\/>\n<\/svg>\t\t<\/div>\n\t\t\t\t<div class=\"elementor-element elementor-element-3ee096a elementor-widget elementor-widget-image\" data-id=\"3ee096a\" data-element_type=\"widget\" data-e-type=\"widget\" data-widget_type=\"image.default\">\n\t\t\t\t<div class=\"elementor-widget-container\">\n\t\t\t\t\t\t\t\t\t\t\t\t\t\t\t\t<a href=\"https:\/\/sarelaxe.be\/?page_id=133\">\n\t\t\t\t\t\t\t<img decoding=\"async\" width=\"1024\" height=\"683\" src=\"https:\/\/sarelaxe.be\/wp-content\/uploads\/2025\/10\/SaRelaxe_HR-6-1024x683.jpg\" class=\"attachment-large size-large wp-image-277\" alt=\"\" srcset=\"https:\/\/sarelaxe.be\/wp-content\/uploads\/2025\/10\/SaRelaxe_HR-6-1024x683.jpg 1024w, https:\/\/sarelaxe.be\/wp-content\/uploads\/2025\/10\/SaRelaxe_HR-6-300x200.jpg 300w, https:\/\/sarelaxe.be\/wp-content\/uploads\/2025\/10\/SaRelaxe_HR-6-768x512.jpg 768w, https:\/\/sarelaxe.be\/wp-content\/uploads\/2025\/10\/SaRelaxe_HR-6-1536x1024.jpg 1536w, https:\/\/sarelaxe.be\/wp-content\/uploads\/2025\/10\/SaRelaxe_HR-6-2048x1365.jpg 2048w\" sizes=\"(max-width: 1024px) 100vw, 1024px\" \/>\t\t\t\t\t\t\t\t<\/a>\n\t\t\t\t\t\t\t\t\t\t\t\t\t\t\t<\/div>\n\t\t\t\t<\/div>\n\t\t\t\t<\/div>\n\t\t<div class=\"elementor-element elementor-element-e9c6619 e-con-full e-flex e-con e-child\" data-id=\"e9c6619\" data-element_type=\"container\" data-e-type=\"container\">\n\t\t\t\t<div class=\"elementor-element elementor-element-fcf9845 elementor-widget elementor-widget-heading\" data-id=\"fcf9845\" data-element_type=\"widget\" data-e-type=\"widget\" data-widget_type=\"heading.default\">\n\t\t\t\t<div class=\"elementor-widget-container\">\n\t\t\t\t\t<h2 class=\"elementor-heading-title elementor-size-default\">Soin \u00e9nerg\u00e9tique<\/h2>\t\t\t\t<\/div>\n\t\t\t\t<\/div>\n\t\t\t\t<\/div>\n\t\t\t\t<\/div>\n\t\t\t\t<\/div>\n\t\t<div class=\"elementor-element elementor-element-fc3fb1a e-flex e-con-boxed e-con e-parent\" data-id=\"fc3fb1a\" data-element_type=\"container\" data-e-type=\"container\">\n\t\t\t\t\t<div class=\"e-con-inner\">\n\t\t\t\t<div class=\"elementor-element elementor-element-c80eba1 elementor-widget-divider--view-line elementor-widget elementor-widget-divider\" data-id=\"c80eba1\" data-element_type=\"widget\" data-e-type=\"widget\" data-widget_type=\"divider.default\">\n\t\t\t\t<div class=\"elementor-widget-container\">\n\t\t\t\t\t\t\t<div class=\"elementor-divider\">\n\t\t\t<span class=\"elementor-divider-separator\">\n\t\t\t\t\t\t<\/span>\n\t\t<\/div>\n\t\t\t\t\t\t<\/div>\n\t\t\t\t<\/div>\n\t\t\t\t<div class=\"elementor-element elementor-element-c5c6b9e elementor-widget elementor-widget-image\" data-id=\"c5c6b9e\" data-element_type=\"widget\" data-e-type=\"widget\" data-widget_type=\"image.default\">\n\t\t\t\t<div class=\"elementor-widget-container\">\n\t\t\t\t\t\t\t\t\t\t\t\t\t\t\t<img decoding=\"async\" width=\"724\" height=\"1024\" src=\"https:\/\/sarelaxe.be\/wp-content\/uploads\/2025\/10\/Grille-tarifaire-SaRelaxe-724x1024.png\" class=\"attachment-large size-large wp-image-363\" alt=\"\" srcset=\"https:\/\/sarelaxe.be\/wp-content\/uploads\/2025\/10\/Grille-tarifaire-SaRelaxe-724x1024.png 724w, https:\/\/sarelaxe.be\/wp-content\/uploads\/2025\/10\/Grille-tarifaire-SaRelaxe-212x300.png 212w, https:\/\/sarelaxe.be\/wp-content\/uploads\/2025\/10\/Grille-tarifaire-SaRelaxe-768x1086.png 768w, https:\/\/sarelaxe.be\/wp-content\/uploads\/2025\/10\/Grille-tarifaire-SaRelaxe-1086x1536.png 1086w, https:\/\/sarelaxe.be\/wp-content\/uploads\/2025\/10\/Grille-tarifaire-SaRelaxe.png 1414w\" sizes=\"(max-width: 724px) 100vw, 724px\" \/>\t\t\t\t\t\t\t\t\t\t\t\t\t\t\t<\/div>\n\t\t\t\t<\/div>\n\t\t\t\t\t<\/div>\n\t\t\t\t<\/div>\n\t\t\t\t<\/div>\n\t\t","protected":false},"excerpt":{"rendered":"<p>Mes services R\u00e9flexologie Plantaire Massages Soin \u00e9nerg\u00e9tique<\/p>\n","protected":false},"author":1,"featured_media":0,"parent":0,"menu_order":0,"comment_status":"closed","ping_status":"closed","template":"","meta":{"ocean_post_layout":"","ocean_both_sidebars_style":"","ocean_both_sidebars_content_width":0,"ocean_both_sidebars_sidebars_width":0,"ocean_sidebar":"","ocean_second_sidebar":"","ocean_disable_margins":"enable","ocean_add_body_class":"","ocean_shortcode_before_top_bar":"","ocean_shortcode_after_top_bar":"","ocean_shortcode_before_header":"","ocean_shortcode_after_header":"","ocean_has_shortcode":"","ocean_shortcode_after_title":"","ocean_shortcode_before_footer_widgets":"","ocean_shortcode_after_footer_widgets":"","ocean_shortcode_before_footer_bottom":"","ocean_shortcode_after_footer_bottom":"","ocean_display_top_bar":"default","ocean_display_header":"default","ocean_header_style":"","ocean_center_header_left_menu":"","ocean_custom_header_template":"","ocean_custom_logo":0,"ocean_custom_retina_logo":0,"ocean_custom_logo_max_width":0,"ocean_custom_logo_tablet_max_width":0,"ocean_custom_logo_mobile_max_width":0,"ocean_custom_logo_max_height":0,"ocean_custom_logo_tablet_max_height":0,"ocean_custom_logo_mobile_max_height":0,"ocean_header_custom_menu":"","ocean_menu_typo_font_family":"","ocean_menu_typo_font_subset":"","ocean_menu_typo_font_size":0,"ocean_menu_typo_font_size_tablet":0,"ocean_menu_typo_font_size_mobile":0,"ocean_menu_typo_font_size_unit":"px","ocean_menu_typo_font_weight":"","ocean_menu_typo_font_weight_tablet":"","ocean_menu_typo_font_weight_mobile":"","ocean_menu_typo_transform":"","ocean_menu_typo_transform_tablet":"","ocean_menu_typo_transform_mobile":"","ocean_menu_typo_line_height":0,"ocean_menu_typo_line_height_tablet":0,"ocean_menu_typo_line_height_mobile":0,"ocean_menu_typo_line_height_unit":"","ocean_menu_typo_spacing":0,"ocean_menu_typo_spacing_tablet":0,"ocean_menu_typo_spacing_mobile":0,"ocean_menu_typo_spacing_unit":"","ocean_menu_link_color":"","ocean_menu_link_color_hover":"","ocean_menu_link_color_active":"","ocean_menu_link_background":"","ocean_menu_link_hover_background":"","ocean_menu_link_active_background":"","ocean_menu_social_links_bg":"","ocean_menu_social_hover_links_bg":"","ocean_menu_social_links_color":"","ocean_menu_social_hover_links_color":"","ocean_disable_title":"default","ocean_disable_heading":"default","ocean_post_title":"","ocean_post_subheading":"","ocean_post_title_style":"","ocean_post_title_background_color":"","ocean_post_title_background":0,"ocean_post_title_bg_image_position":"","ocean_post_title_bg_image_attachment":"","ocean_post_title_bg_image_repeat":"","ocean_post_title_bg_image_size":"","ocean_post_title_height":0,"ocean_post_title_bg_overlay":0.5,"ocean_post_title_bg_overlay_color":"","ocean_disable_breadcrumbs":"default","ocean_breadcrumbs_color":"","ocean_breadcrumbs_separator_color":"","ocean_breadcrumbs_links_color":"","ocean_breadcrumbs_links_hover_color":"","ocean_display_footer_widgets":"default","ocean_display_footer_bottom":"default","ocean_custom_footer_template":"","footnotes":""},"class_list":["post-36","page","type-page","status-publish","hentry","entry"],"_links":{"self":[{"href":"https:\/\/sarelaxe.be\/index.php?rest_route=\/wp\/v2\/pages\/36","targetHints":{"allow":["GET"]}}],"collection":[{"href":"https:\/\/sarelaxe.be\/index.php?rest_route=\/wp\/v2\/pages"}],"about":[{"href":"https:\/\/sarelaxe.be\/index.php?rest_route=\/wp\/v2\/types\/page"}],"author":[{"embeddable":true,"href":"https:\/\/sarelaxe.be\/index.php?rest_route=\/wp\/v2\/users\/1"}],"replies":[{"embeddable":true,"href":"https:\/\/sarelaxe.be\/index.php?rest_route=%2Fwp%2Fv2%2Fcomments&post=36"}],"version-history":[{"count":43,"href":"https:\/\/sarelaxe.be\/index.php?rest_route=\/wp\/v2\/pages\/36\/revisions"}],"predecessor-version":[{"id":420,"href":"https:\/\/sarelaxe.be\/index.php?rest_route=\/wp\/v2\/pages\/36\/revisions\/420"}],"wp:attachment":[{"href":"https:\/\/sarelaxe.be\/index.php?rest_route=%2Fwp%2Fv2%2Fmedia&parent=36"}],"curies":[{"name":"wp","href":"https:\/\/api.w.org\/{rel}","templated":true}]}}